{"id":1217,"date":"2025-03-06T17:26:05","date_gmt":"2025-03-06T16:26:05","guid":{"rendered":"https:\/\/hacer.fr\/?page_id=1217"},"modified":"2025-05-26T16:42:00","modified_gmt":"2025-05-26T14:42:00","slug":"accueil","status":"publish","type":"page","link":"https:\/\/hacer.fr\/de\/","title":{"rendered":"Start"},"content":{"rendered":"<div class=\"wpb-content-wrapper\"><p>[vc_row][vc_column][vc_empty_space][\/vc_column][\/vc_row][vc_row][vc_column][vc_column_text css_animation=&#8220;fadeInUp&#8220; css=&#8220;&#8220; el_class=&#8220;h2 trait-bleu&#8220;]Unsere<br \/>\nM\u00e4rkte[\/vc_column_text][\/vc_column][\/vc_row][vc_row][vc_column css_animation=&#8220;fadeInUp&#8220; width=&#8220;1\/2&#8243; el_class=&#8220;zoom-de&#8220;][vc_single_image image=&#8220;2059&#8243; img_size=&#8220;full&#8220; alignment=&#8220;center&#8220; css=&#8220;&#8220;][vc_btn title=&#8220;Mobilit\u00e4t&#8220; style=&#8220;custom&#8220; custom_background=&#8220;#C12744&#8243; custom_text=&#8220;#FFFFFF&#8220; css=&#8220;&#8220; el_class=&#8220;btn-absolute btn-absolute-bas-gauche&#8220; link=&#8220;url:https%3A%2F%2Fhacer.fr%2Fde%2Fwaermebehandlung-sektor-mobilitat%2F|title:Mobilit%C3%A4t&#8220;][\/vc_column][vc_column css_animation=&#8220;fadeInUpBig&#8220; width=&#8220;1\/2&#8243; el_class=&#8220;zoom-de&#8220;][vc_single_image image=&#8220;2062&#8243; img_size=&#8220;full&#8220; alignment=&#8220;center&#8220; css=&#8220;&#8220;][vc_btn title=&#8220;Sport &amp; Gesundheit&#8220; style=&#8220;custom&#8220; custom_background=&#8220;#C12744&#8243; custom_text=&#8220;#FFFFFF&#8220; css=&#8220;&#8220; link=&#8220;url:https%3A%2F%2Fhacer.fr%2Fde%2Fwaermebehandlung-sektor-sport-und-gesundheit%2F|title:Sport%20%26%20Gesundheit&#8220;][\/vc_column][\/vc_row][vc_row][vc_column][vc_empty_space height=&#8220;0px&#8220;][\/vc_column][\/vc_row][vc_row][vc_column css_animation=&#8220;fadeInUp&#8220; width=&#8220;1\/2&#8243; el_class=&#8220;zoom-de&#8220;][vc_single_image image=&#8220;2065&#8243; img_size=&#8220;full&#8220; alignment=&#8220;center&#8220; css=&#8220;&#8220;][vc_btn title=&#8220;Energie&#8220; style=&#8220;custom&#8220; custom_background=&#8220;#C12744&#8243; custom_text=&#8220;#FFFFFF&#8220; css=&#8220;&#8220; link=&#8220;url:https%3A%2F%2Fhacer.fr%2Fde%2Fwaermebehandlung-sektor-energie%2F|title:Energie&#8220;][\/vc_column][vc_column css_animation=&#8220;fadeInUpBig&#8220; width=&#8220;1\/2&#8243; el_class=&#8220;zoom-de&#8220;][vc_single_image image=&#8220;2068&#8243; img_size=&#8220;full&#8220; alignment=&#8220;center&#8220; css=&#8220;&#8220;][vc_btn title=&#8220;Industrie &amp; Bauwesen&#8220; style=&#8220;custom&#8220; custom_background=&#8220;#C12744&#8243; custom_text=&#8220;#FFFFFF&#8220; css=&#8220;&#8220; link=&#8220;url:https%3A%2F%2Fhacer.fr%2Fde%2Fwaermebehandlung-industrie-und-bau%2F|title:Industrie%20%26%20Bauwesen&#8220;][\/vc_column][\/vc_row][vc_row][vc_column][vc_empty_space height=&#8220;70px&#8220;][\/vc_column][\/vc_row][vc_row][vc_column][vc_column_text css_animation=&#8220;fadeInUp&#8220; css=&#8220;&#8220; el_class=&#8220;h2 trait-bleu&#8220;]Schl\u00fcsselzahlen[\/vc_column_text][\/vc_column][\/vc_row][vc_row el_class=&#8220;rectangle-rouge&#8220;][vc_column css_animation=&#8220;fadeInUp&#8220; width=&#8220;1\/4&#8243; el_class=&#8220;rond-bleu&#8220;]<div class=\"counter counter_vertical animate-math\"><div class=\"desc_wrapper\"><div class=\"number-wrapper\"><span class=\"number\" data-to=\"65\"  >65<\/span><\/div><\/div><\/div>\n[vc_column_text css=&#8220;&#8220; el_class=&#8220;txt-chiffres&#8220;]<\/p>\n<p style=\"text-align: center;\">Jahre Erfahrung<\/p>\n<p>[\/vc_column_text][\/vc_column][vc_column css_animation=&#8220;fadeInUp&#8220; width=&#8220;1\/4&#8243; el_class=&#8220;rond-bleu&#8220;]<div class=\"counter counter_vertical animate-math\"><div class=\"desc_wrapper\"><div class=\"number-wrapper\"><span class=\"number\" data-to=\"5\"  >5<\/span><\/div><\/div><\/div>\n[vc_column_text css=&#8220;&#8220; el_class=&#8220;txt-chiffres&#8220;]<\/p>\n<p style=\"text-align: center;\">Produktions- standorte<\/p>\n<p>[\/vc_column_text][\/vc_column][vc_column css_animation=&#8220;fadeInUp&#8220; width=&#8220;1\/4&#8243; el_class=&#8220;rond-bleu&#8220;]<div class=\"counter counter_vertical animate-math\"><div class=\"desc_wrapper\"><div class=\"number-wrapper\"><span class=\"number\" data-to=\"73\"  >73<\/span><span class=\"label postfix\">t<\/span><\/div><\/div><\/div>\n[vc_column_text css=&#8220;&#8220; el_class=&#8220;txt-chiffres&#8220;]<\/p>\n<p style=\"text-align: center;\">T\u00e4glich behandelte Teile<\/p>\n<p>[\/vc_column_text][\/vc_column][vc_column css_animation=&#8220;fadeInUp&#8220; width=&#8220;1\/4&#8243; el_class=&#8220;rond-bleu&#8220;]<div class=\"counter counter_vertical animate-math\"><div class=\"desc_wrapper\"><div class=\"number-wrapper\"><span class=\"label prefix\">+<\/span><span class=\"number\" data-to=\"50\"  >50<\/span><\/div><\/div><\/div>\n[vc_column_text css=&#8220;&#8220; el_class=&#8220;txt-chiffres&#8220;]<\/p>\n<p style=\"text-align: center;\">Behandlungen<\/p>\n<p>[\/vc_column_text][\/vc_column][\/vc_row][vc_row][vc_column][vc_empty_space height=&#8220;110px&#8220;][\/vc_column][\/vc_row][vc_row el_class=&#8220;habillage-sphere-rouge&#8220;][vc_column css_animation=&#8220;fadeInUp&#8220; width=&#8220;1\/4&#8243;][vc_empty_space height=&#8220;0px&#8220;][vc_column_text css_animation=&#8220;fadeInUp&#8220; css=&#8220;&#8220; el_class=&#8220;h2 trait-bleu&#8220;]<\/p>\n<h2>W\u00e4rmebehandlung<\/h2>\n<p>[\/vc_column_text][vc_column_text css=&#8220;&#8220;]<\/p>\n<p style=\"text-align: justify;\">Das 1969 gegr\u00fcndete HACER Traitements Thermiques (HTT) ist auf <strong class=\"d2b\">atmosph\u00e4rische Behandlungen<\/strong> (Batch-\u00d6fen, Band\u00f6fen oder Vertikal\u00f6fen), <strong class=\"d2b\">Vakuumbehandlungen<\/strong> oder mittel- oder hochfrequente <strong class=\"d2b\">Induktionsbehandlungen<\/strong> spezialisiert.<\/p>\n<p>[\/vc_column_text][vc_btn title=&#8220;Mehr erfahren&#8220; style=&#8220;custom&#8220; custom_background=&#8220;#C12744&#8243; custom_text=&#8220;#FFFFFF&#8220; css=&#8220;&#8220; el_class=&#8220;btn-plus btn-deg-rouge&#8220; link=&#8220;url:https%3A%2F%2Fhacer.fr%2Fde%2Funternehmen-waermebehandlung-metallen%2F|title:W%C3%A4rmebehandlung&#8220;][\/vc_column][vc_column css_animation=&#8220;fadeInUpBig&#8220; width=&#8220;3\/4&#8243; el_class=&#8220;ensemble-img&#8220;][vc_single_image image=&#8220;2071&#8243; img_size=&#8220;full&#8220; css=&#8220;&#8220; el_class=&#8220;grande-img&#8220;][vc_single_image image=&#8220;2074&#8243; img_size=&#8220;full&#8220; css=&#8220;&#8220; el_class=&#8220;moyenne-img&#8220;][vc_single_image image=&#8220;2077&#8243; img_size=&#8220;full&#8220; css=&#8220;&#8220; el_class=&#8220;grande-moyenne-img&#8220;][vc_single_image image=&#8220;2080&#8243; img_size=&#8220;full&#8220; css=&#8220;&#8220; el_class=&#8220;petite-img&#8220;][\/vc_column][\/vc_row][vc_row][vc_column][vc_empty_space height=&#8220;110px&#8220;][\/vc_column][\/vc_row][vc_row el_class=&#8220;habillage-sphere-bleu inverse inverse-tablet&#8220;][vc_column css_animation=&#8220;fadeInUp&#8220; width=&#8220;3\/4&#8243; el_class=&#8220;ensemble-img ensemble-img-inverse&#8220;][vc_single_image image=&#8220;2083&#8243; img_size=&#8220;full&#8220; css=&#8220;&#8220; el_class=&#8220;petite-img&#8220;][vc_single_image image=&#8220;2086&#8243; img_size=&#8220;full&#8220; css=&#8220;&#8220; el_class=&#8220;grande-moyenne-img&#8220;][vc_single_image image=&#8220;2089&#8243; img_size=&#8220;full&#8220; css=&#8220;&#8220; el_class=&#8220;moyenne-img&#8220;][vc_single_image image=&#8220;2092&#8243; img_size=&#8220;full&#8220; css=&#8220;&#8220; el_class=&#8220;grande-img&#8220;][\/vc_column][vc_column css_animation=&#8220;fadeInUpBig&#8220; width=&#8220;1\/4&#8243;][vc_empty_space height=&#8220;0px&#8220;][vc_column_text css=&#8220;&#8220; el_class=&#8220;h2 trait-bleu trait-bleu-inverse&#8220;]<\/p>\n<h2 style=\"text-align: right;\">Oberfl\u00e4chen &#8211;<br \/>\nbehandlung<\/h2>\n<p>[\/vc_column_text][vc_column_text css=&#8220;&#8220;]<\/p>\n<p style=\"text-align: justify;\">Das 1957 gegr\u00fcndete HACER Traitements de Surface (HTS) ist auf <strong class=\"d2b\">chemische<\/strong> und <strong class=\"d2b\">elektrochemische Behandlungen <\/strong>spezialisiert. Neben den g\u00e4ngigen in der Industrie eingesetzten Verfahren umfasst unser Angebot auch mechanische Vorbereitungsverfahren. Die Teams beherrschen \u00fcber 30 verschiedene Behandlungen, f\u00fcr kleine und mittelgro\u00dfe Teile, lose oder verbundene Teile, vom Einzelst\u00fcck bis zur Gro\u00dfserie.[\/vc_column_text][vc_btn title=&#8220;Mehr erfahren&#8220; style=&#8220;custom&#8220; custom_background=&#8220;#00B4D8&#8243; custom_text=&#8220;#FFFFFF&#8220; css=&#8220;&#8220; el_class=&#8220;btn-plus btn-deg-bleu&#8220; link=&#8220;url:https%3A%2F%2Fhacer.fr%2Fde%2Funternehmen-oberflaechenbehandlung-metallen%2F|title:Oberfl%C3%A4chenbehandlung&#8220;][\/vc_column][\/vc_row][vc_row][vc_column][vc_empty_space height=&#8220;110px&#8220;][\/vc_column][\/vc_row][vc_row disable_element=&#8220;yes&#8220;][vc_column][vc_column_text css_animation=&#8220;fadeInUp&#8220; css=&#8220;&#8220; el_class=&#8220;h2 trait-bleu&#8220;]<\/p>\n<p class=\"heading heading--t2 heading--t2--left \">Les<br \/>\nactualit\u00e9s<\/p>\n<p>[\/vc_column_text][\/vc_column][\/vc_row][vc_row disable_element=&#8220;yes&#8220;][vc_column css_animation=&#8220;fadeInUp&#8220;][vc_basic_grid post_type=&#8220;post&#8220; max_items=&#8220;20&#8243; style=&#8220;pagination&#8220; items_per_page=&#8220;3&#8243; arrows_design=&#8220;vc_arrow-icon-arrow_02_left&#8220; arrows_color=&#8220;juicy_pink&#8220; paging_color=&#8220;juicy_pink&#8220; loop=&#8220;yes&#8220; css=&#8220;&#8220; grid_id=&#8220;vc_gid:1748269830509-b3aa1271-3150-2&#8243; taxonomies=&#8220;14&#8243; paging_animation_in=&#8220;none&#8220; paging_animation_out=&#8220;none&#8220;][\/vc_column][\/vc_row]<\/p>\n<\/div>","protected":false},"excerpt":{"rendered":"<p>[vc_row][vc_column][vc_empty_space][\/vc_column][\/vc_row][vc_row][vc_column][vc_column_text css_animation=&#8220;fadeInUp&#8220; css=&#8220;&#8220; el_class=&#8220;h2 trait-bleu&#8220;]Unsere M\u00e4rkte[\/vc_column_text][\/vc_column][\/vc_row][vc_row][vc_column css_animation=&#8220;fadeInUp&#8220; width=&#8220;1\/2&#8243; el_class=&#8220;zoom-de&#8220;][vc_single_image image=&#8220;2059&#8243; img_size=&#8220;full&#8220; alignment=&#8220;center&#8220; css=&#8220;&#8220;][vc_btn title=&#8220;Mobilit\u00e4t&#8220; style=&#8220;custom&#8220; custom_background=&#8220;#C12744&#8243; custom_text=&#8220;#FFFFFF&#8220; css=&#8220;&#8220; el_class=&#8220;btn-absolute btn-absolute-bas-gauche&#8220; link=&#8220;url:https%3A%2F%2Fhacer.fr%2Fde%2Fwaermebehandlung-sektor-mobilitat%2F|title:Mobilit%C3%A4t&#8220;][\/vc_column][vc_column css_animation=&#8220;fadeInUpBig&#8220; width=&#8220;1\/2&#8243; el_class=&#8220;zoom-de&#8220;][vc_single_image image=&#8220;2062&#8243; img_size=&#8220;full&#8220;<span class=\"excerpt-hellip\"> [\u2026]<\/span><\/p>\n","protected":false},"author":1,"featured_media":0,"parent":0,"menu_order":0,"comment_status":"closed","ping_status":"closed","template":"","meta":{"footnotes":""},"class_list":["post-1217","page","type-page","status-publish","hentry"],"yoast_head":"<!-- This site is optimized with the Yoast SEO plugin v27.4 - https:\/\/yoast.com\/product\/yoast-seo-wordpress\/ -->\n<title>Unternehmen W\u00e4rmebehandlung Metallen, Zulieferer W\u00e4rmebehandlung<\/title>\n<meta name=\"description\" content=\"HACER, Spezialist f\u00fcr die Behandlung von Metallen, bietet W\u00e4rmebehandlungs- und Oberfl\u00e4chenbehandlungsdienstleistungen als Zulieferer an. Kontaktiere uns!\" \/>\n<meta name=\"robots\" content=\"index, follow, max-snippet:-1, max-image-preview:large, max-video-preview:-1\" \/>\n<link rel=\"canonical\" href=\"https:\/\/hacer.fr\/de\/\" \/>\n<meta property=\"og:locale\" content=\"de_DE\" \/>\n<meta property=\"og:type\" content=\"article\" \/>\n<meta property=\"og:title\" content=\"Unternehmen W\u00e4rmebehandlung Metallen, Zulieferer W\u00e4rmebehandlung\" \/>\n<meta property=\"og:description\" content=\"HACER, Spezialist f\u00fcr die Behandlung von Metallen, bietet W\u00e4rmebehandlungs- und Oberfl\u00e4chenbehandlungsdienstleistungen als Zulieferer an. Kontaktiere uns!\" \/>\n<meta property=\"og:url\" content=\"https:\/\/hacer.fr\/de\/\" \/>\n<meta property=\"og:site_name\" content=\"Hacer\" \/>\n<meta property=\"article:modified_time\" content=\"2025-05-26T14:42:00+00:00\" \/>\n<meta name=\"twitter:card\" content=\"summary_large_image\" \/>\n<meta name=\"twitter:label1\" content=\"Gesch\u00e4tzte Lesezeit\" \/>\n\t<meta name=\"twitter:data1\" content=\"4\u00a0Minuten\" \/>\n<script type=\"application\/ld+json\" class=\"yoast-schema-graph\">{\"@context\":\"https:\\\/\\\/schema.org\",\"@graph\":[{\"@type\":\"WebPage\",\"@id\":\"https:\\\/\\\/hacer.fr\\\/de\\\/\",\"url\":\"https:\\\/\\\/hacer.fr\\\/de\\\/\",\"name\":\"Unternehmen W\u00e4rmebehandlung Metallen, Zulieferer W\u00e4rmebehandlung\",\"isPartOf\":{\"@id\":\"https:\\\/\\\/hacer.fr\\\/de\\\/#website\"},\"datePublished\":\"2025-03-06T16:26:05+00:00\",\"dateModified\":\"2025-05-26T14:42:00+00:00\",\"description\":\"HACER, Spezialist f\u00fcr die Behandlung von Metallen, bietet W\u00e4rmebehandlungs- und Oberfl\u00e4chenbehandlungsdienstleistungen als Zulieferer an. Kontaktiere uns!\",\"breadcrumb\":{\"@id\":\"https:\\\/\\\/hacer.fr\\\/de\\\/#breadcrumb\"},\"inLanguage\":\"de\",\"potentialAction\":[{\"@type\":\"ReadAction\",\"target\":[\"https:\\\/\\\/hacer.fr\\\/de\\\/\"]}]},{\"@type\":\"BreadcrumbList\",\"@id\":\"https:\\\/\\\/hacer.fr\\\/de\\\/#breadcrumb\",\"itemListElement\":[{\"@type\":\"ListItem\",\"position\":1,\"name\":\"Accueil\",\"item\":\"https:\\\/\\\/hacer.fr\\\/de\\\/\"},{\"@type\":\"ListItem\",\"position\":2,\"name\":\"Start\"}]},{\"@type\":\"WebSite\",\"@id\":\"https:\\\/\\\/hacer.fr\\\/de\\\/#website\",\"url\":\"https:\\\/\\\/hacer.fr\\\/de\\\/\",\"name\":\"Hacer\",\"description\":\"\",\"potentialAction\":[{\"@type\":\"SearchAction\",\"target\":{\"@type\":\"EntryPoint\",\"urlTemplate\":\"https:\\\/\\\/hacer.fr\\\/de\\\/?s={search_term_string}\"},\"query-input\":{\"@type\":\"PropertyValueSpecification\",\"valueRequired\":true,\"valueName\":\"search_term_string\"}}],\"inLanguage\":\"de\"}]}<\/script>\n<!-- \/ Yoast SEO plugin. -->","yoast_head_json":{"title":"Unternehmen W\u00e4rmebehandlung Metallen, Zulieferer W\u00e4rmebehandlung","description":"HACER, Spezialist f\u00fcr die Behandlung von Metallen, bietet W\u00e4rmebehandlungs- und Oberfl\u00e4chenbehandlungsdienstleistungen als Zulieferer an. Kontaktiere uns!","robots":{"index":"index","follow":"follow","max-snippet":"max-snippet:-1","max-image-preview":"max-image-preview:large","max-video-preview":"max-video-preview:-1"},"canonical":"https:\/\/hacer.fr\/de\/","og_locale":"de_DE","og_type":"article","og_title":"Unternehmen W\u00e4rmebehandlung Metallen, Zulieferer W\u00e4rmebehandlung","og_description":"HACER, Spezialist f\u00fcr die Behandlung von Metallen, bietet W\u00e4rmebehandlungs- und Oberfl\u00e4chenbehandlungsdienstleistungen als Zulieferer an. Kontaktiere uns!","og_url":"https:\/\/hacer.fr\/de\/","og_site_name":"Hacer","article_modified_time":"2025-05-26T14:42:00+00:00","twitter_card":"summary_large_image","twitter_misc":{"Gesch\u00e4tzte Lesezeit":"4\u00a0Minuten"},"schema":{"@context":"https:\/\/schema.org","@graph":[{"@type":"WebPage","@id":"https:\/\/hacer.fr\/de\/","url":"https:\/\/hacer.fr\/de\/","name":"Unternehmen W\u00e4rmebehandlung Metallen, Zulieferer W\u00e4rmebehandlung","isPartOf":{"@id":"https:\/\/hacer.fr\/de\/#website"},"datePublished":"2025-03-06T16:26:05+00:00","dateModified":"2025-05-26T14:42:00+00:00","description":"HACER, Spezialist f\u00fcr die Behandlung von Metallen, bietet W\u00e4rmebehandlungs- und Oberfl\u00e4chenbehandlungsdienstleistungen als Zulieferer an. Kontaktiere uns!","breadcrumb":{"@id":"https:\/\/hacer.fr\/de\/#breadcrumb"},"inLanguage":"de","potentialAction":[{"@type":"ReadAction","target":["https:\/\/hacer.fr\/de\/"]}]},{"@type":"BreadcrumbList","@id":"https:\/\/hacer.fr\/de\/#breadcrumb","itemListElement":[{"@type":"ListItem","position":1,"name":"Accueil","item":"https:\/\/hacer.fr\/de\/"},{"@type":"ListItem","position":2,"name":"Start"}]},{"@type":"WebSite","@id":"https:\/\/hacer.fr\/de\/#website","url":"https:\/\/hacer.fr\/de\/","name":"Hacer","description":"","potentialAction":[{"@type":"SearchAction","target":{"@type":"EntryPoint","urlTemplate":"https:\/\/hacer.fr\/de\/?s={search_term_string}"},"query-input":{"@type":"PropertyValueSpecification","valueRequired":true,"valueName":"search_term_string"}}],"inLanguage":"de"}]}},"jetpack_sharing_enabled":true,"_links":{"self":[{"href":"https:\/\/hacer.fr\/de\/wp-json\/wp\/v2\/pages\/1217","targetHints":{"allow":["GET"]}}],"collection":[{"href":"https:\/\/hacer.fr\/de\/wp-json\/wp\/v2\/pages"}],"about":[{"href":"https:\/\/hacer.fr\/de\/wp-json\/wp\/v2\/types\/page"}],"author":[{"embeddable":true,"href":"https:\/\/hacer.fr\/de\/wp-json\/wp\/v2\/users\/1"}],"replies":[{"embeddable":true,"href":"https:\/\/hacer.fr\/de\/wp-json\/wp\/v2\/comments?post=1217"}],"version-history":[{"count":11,"href":"https:\/\/hacer.fr\/de\/wp-json\/wp\/v2\/pages\/1217\/revisions"}],"predecessor-version":[{"id":2095,"href":"https:\/\/hacer.fr\/de\/wp-json\/wp\/v2\/pages\/1217\/revisions\/2095"}],"wp:attachment":[{"href":"https:\/\/hacer.fr\/de\/wp-json\/wp\/v2\/media?parent=1217"}],"curies":[{"name":"wp","href":"https:\/\/api.w.org\/{rel}","templated":true}]}}