{"id":1257,"date":"2025-03-14T09:24:22","date_gmt":"2025-03-14T08:24:22","guid":{"rendered":"https:\/\/hacer.fr\/?page_id=1257"},"modified":"2025-05-26T17:06:33","modified_gmt":"2025-05-26T15:06:33","slug":"waermebehandlung-sektor-energie","status":"publish","type":"page","link":"https:\/\/hacer.fr\/de\/waermebehandlung-sektor-energie\/","title":{"rendered":"Energie"},"content":{"rendered":"<div class=\"wpb-content-wrapper\"><p>[vc_row][vc_column][vc_empty_space][\/vc_column][\/vc_row][vc_row][vc_column][vc_column_text css_animation=&#8220;fadeInUp&#8220; css=&#8220;&#8220; el_class=&#8220;h2 trait-bleu&#8220;]<\/p>\n<p class=\"heading heading--t2 heading--t2--left \">Warum sollten<br \/>\nSie sich f\u00fcr HACER entscheiden<\/p>\n<p>[\/vc_column_text][\/vc_column][\/vc_row][vc_row full_width=&#8220;stretch_row&#8220; el_class=&#8220;overflow-visible&#8220;][vc_column css_animation=&#8220;fadeInUp&#8220; width=&#8220;1\/2&#8243;][vc_column_text css=&#8220;&#8220;]<\/p>\n<p style=\"text-align: justify;\">Unsere gemeinsame Welt entwickelt sich weiter. Energiewende, Digitalisierung und Vernetzung schaffen t\u00e4glich neue M\u00f6glichkeiten. HACER bietet Ihnen f\u00fcr Ihre Entwicklungen und L\u00f6sungen die richtigen Behandlungen. <span class=\"fort\">Von den kleinsten<\/span> bis zu <span class=\"fort\">den massiven<\/span> Teilen &#8211; eines unserer Werke hat garantiert eine L\u00f6sung f\u00fcr Sie.<\/p>\n<ul class=\"liste-rond-rouge\">\n<li>Kundenorientierung im Dienste der Innovation<\/li>\n<li>M\u00f6gliche Partnerschaften<\/li>\n<li>Kompetenz in Bezug auf Personal und Technik<\/li>\n<li>Vollautomatische Anlagen<\/li>\n<li>Beschichtung von Edelmetallen und Halbedelmetallen<\/li>\n<li>Das Reaktionsverm\u00f6gen und die Flexibilit\u00e4t, die Sie von einem Dienstleister erwarten<\/li>\n<li>Qualit\u00e4t bei der Optimierung des Erscheinungsbildes<\/li>\n<li>Ein einziger Ansprechpartner f\u00fcr alle Ihre Anforderungen im Bereich <strong class=\"d2b\">W\u00e4rme<\/strong>&#8211; und Oberfl\u00e4chenbehandlung<\/li>\n<\/ul>\n<p>[\/vc_column_text][\/vc_column][vc_column css_animation=&#8220;fadeInRight&#8220; width=&#8220;1\/2&#8243; el_class=&#8220;habillage-deg-rouge habillage-deg-droite&#8220;][vc_single_image image=&#8220;2127&#8243; img_size=&#8220;full&#8220; alignment=&#8220;center&#8220; css=&#8220;&#8220; el_class=&#8220;filtre-bleu&#8220;][\/vc_column][\/vc_row][vc_row][vc_column][vc_empty_space height=&#8220;100px&#8220;][\/vc_column][\/vc_row][vc_row][vc_column css_animation=&#8220;fadeInUp&#8220;][vc_column_text css=&#8220;&#8220; el_class=&#8220;h2 txt-rouge gros-baseline upper&#8220;]<\/p>\n<p class=\"heading heading--t2 text-center\" style=\"text-align: center;\">Sie fragen an, wir analysieren und planen &#8211; und realisieren gemeinsam.<\/p>\n<p>[\/vc_column_text][\/vc_column][\/vc_row][vc_row][vc_column][vc_empty_space][\/vc_column][\/vc_row][vc_row][vc_column][vc_column_text css=&#8220;&#8220; el_class=&#8220;h2 trait-bleu trait-bleu-inverse&#8220;]<\/p>\n<p class=\"heading heading--t2 heading--t2--right \" style=\"text-align: right;\">Ihre<br \/>\nZiele<\/p>\n<p>[\/vc_column_text][\/vc_column][\/vc_row][vc_row full_width=&#8220;stretch_row&#8220; el_class=&#8220;overflow-visible inverse&#8220;][vc_column css_animation=&#8220;fadeInLeft&#8220; width=&#8220;1\/2&#8243; el_class=&#8220;habillage-deg-bleu habillage-deg-gauche&#8220;][vc_single_image image=&#8220;2130&#8243; img_size=&#8220;full&#8220; alignment=&#8220;center&#8220; css=&#8220;&#8220; el_class=&#8220;filtre-rouge&#8220;][\/vc_column][vc_column css_animation=&#8220;fadeInUp&#8220; width=&#8220;1\/2&#8243;][vc_column_text css=&#8220;&#8220;]HACER arbeitet mit verschiedenen Formulierern zusammen, um:<\/p>\n<ul class=\"liste-rond-rouge\">\n<li><span class=\"fort\">Bew\u00e4hrte L\u00f6sungen<\/span>\u00a0zu optimalen Kosten zu nutzen und Ihnen an Ihre Besonderheiten angepasste Prozesse zu bieten<\/li>\n<li><strong class=\"d2b\">Ihre Teile technisch zu behandeln<\/strong><\/li>\n<li>Ihre empfindlichen Komponenten mit gr\u00f6\u00dfter Sorgfalt zu behandeln<\/li>\n<li>Genauigkeit und R\u00fcckverfolgbarkeit im Rahmen eines kontrollierten und effizienten\u00a0<a href=\"https:\/\/hacer.fr\/de\/qualitaet-umwelt\/\">Qualit\u00e4tssicherungssystems<\/a>\u00a0zu bieten<\/li>\n<\/ul>\n<p>[\/vc_column_text][vc_column_text css=&#8220;&#8220; el_class=&#8220;h4 fort&#8220;]<\/p>\n<p class=\"heading heading--t3 \">Unser gemeinsames Ziel: Spitzenleistungen erzielen<\/p>\n<p>[\/vc_column_text][\/vc_column][\/vc_row][vc_row][vc_column][vc_empty_space height=&#8220;150px&#8220;][\/vc_column][\/vc_row][vc_row][vc_column][vc_column_text css_animation=&#8220;fadeInUp&#8220; css=&#8220;&#8220; el_class=&#8220;h2 trait-bleu&#8220;]<\/p>\n<h2 class=\"heading heading--t2 heading--t2--left \">Unsere T\u00e4tigkeitsbereiche<br \/>\n<span class=\"mise-en-forme-titre-h2\">f\u00fcr die W\u00e4rmebehandlung<\/span><\/h2>\n<p>[\/vc_column_text][\/vc_column][\/vc_row][vc_row full_width=&#8220;stretch_row_content&#8220; gap=&#8220;20&#8243; equal_height=&#8220;yes&#8220; css_animation=&#8220;fadeInUp&#8220; el_class=&#8220;habillage-bande-gris domaines-activites domaines-activites-trois&#8220;][vc_column width=&#8220;1\/3&#8243; el_class=&#8220;block-rouge&#8220;][vc_single_image image=&#8220;2133&#8243; img_size=&#8220;full&#8220; alignment=&#8220;center&#8220; css=&#8220;&#8220; el_class=&#8220;img-rouge filtre-rouge&#8220;][vc_column_text css=&#8220;&#8220; el_class=&#8220;h4 txt-blanc gros-baseline&#8220;]<\/p>\n<h2 style=\"text-align: center;\">W\u00e4rmebehandlung von Teilen f\u00fcr elektrische Ausr\u00fcstung<\/h2>\n<p>[\/vc_column_text][vc_column_text css=&#8220;&#8220; el_class=&#8220;txt-blanc gros-baseline&#8220;]HACER erm\u00f6glicht Ihnen, die \u00dcbertragung und kontrollierte Lenkung der Energie auf <strong class=\"d2b\">elektrische Ausr\u00fcstungsteile<\/strong> zu gew\u00e4hrleisten, wie z. B.:[\/vc_column_text][vc_row_inner][vc_column_inner width=&#8220;1\/2&#8243;][vc_column_text css=&#8220;&#8220; el_class=&#8220;txt-blanc gros-baseline&#8220;]<\/p>\n<ul class=\"liste-rond-bleu\">\n<li>Schaltschr\u00e4nke und -k\u00e4sten<\/li>\n<li>Sicherungen<\/li>\n<li>Kupferst\u00e4be<\/li>\n<li>Schalttafeln<\/li>\n<li>Sch\u00fctze<\/li>\n<\/ul>\n<p>[\/vc_column_text][\/vc_column_inner][vc_column_inner width=&#8220;1\/2&#8243;][vc_column_text css=&#8220;&#8220; el_class=&#8220;txt-blanc gros-baseline&#8220;]<\/p>\n<ul class=\"liste-rond-bleu\">\n<li>Verteilungseinrichtungen<\/li>\n<li>Leistungselektronik<\/li>\n<li>Hoch- und Niederspannung<\/li>\n<li>Schalter<\/li>\n<\/ul>\n<p>[\/vc_column_text][\/vc_column_inner][\/vc_row_inner][\/vc_column][vc_column width=&#8220;1\/3&#8243; el_class=&#8220;block-bleu&#8220;][vc_single_image image=&#8220;2136&#8243; img_size=&#8220;full&#8220; alignment=&#8220;center&#8220; css=&#8220;&#8220; el_class=&#8220;img-bleu filtre-bleu&#8220;][vc_column_text css=&#8220;&#8220; el_class=&#8220;h4 txt-blanc gros-baseline&#8220;]<\/p>\n<h2 style=\"text-align: center;\">W\u00e4rmebehandlung von Teilen f\u00fcr Verbindungstechnik und Elektromechanik<\/h2>\n<p>[\/vc_column_text][vc_column_text css=&#8220;&#8220; el_class=&#8220;txt-blanc gros-baseline&#8220;]<\/p>\n<p style=\"text-align: justify;\">Aufgrund seiner Erfahrung in dem Sektor, seinem fachlichen Know-how und der hohen Qualifikation seiner Mitarbeiter bietet HACER die notwendigen Behandlungen f\u00fcr Ihre Teile einschlie\u00dflich von <strong class=\"d2b\">Verbindungstechnik- und elektromechanischen Komponenten <\/strong>\u2013 an. Garantierte hohe Lebensdauer, Best\u00e4ndigkeit und Sicherheit f\u00fcr Ihre Systeme:<\/p>\n<p>[\/vc_column_text][vc_row_inner][vc_column_inner][vc_column_text css=&#8220;&#8220; el_class=&#8220;txt-blanc gros-baseline&#8220;]<\/p>\n<ul class=\"liste-rond-rouge\">\n<li>Daten\u00fcbertragung<\/li>\n<li>Signal\u00fcbertragung<\/li>\n<li>Vernetzung<\/li>\n<li>Industrielle Automation<\/li>\n<\/ul>\n<p>[\/vc_column_text][\/vc_column_inner][\/vc_row_inner][\/vc_column][vc_column width=&#8220;1\/3&#8243; el_class=&#8220;block-rouge&#8220;][vc_single_image image=&#8220;2139&#8243; img_size=&#8220;full&#8220; alignment=&#8220;center&#8220; css=&#8220;&#8220; el_class=&#8220;img-rouge filtre-rouge&#8220;][vc_column_text css=&#8220;&#8220; el_class=&#8220;h4 txt-blanc gros-baseline&#8220;]<\/p>\n<h2 style=\"text-align: center;\">W\u00e4rmebehandlung von Teilen f\u00fcr die E-Mobilit\u00e4t<\/h2>\n<p>[\/vc_column_text][vc_column_text css=&#8220;&#8220; el_class=&#8220;txt-blanc gros-baseline&#8220;]<\/p>\n<p style=\"text-align: justify;\">Sie ben\u00f6tigen einen dauerhaften Kontakt mit einer verschlei\u00dfbest\u00e4ndigen und abriebfesten Behandlung, die leitf\u00e4hig bleibt?<\/p>\n<p style=\"text-align: justify;\">Dann ist Hartsilber (H\u00e4rte 125 bis 200 HV) die richtige Wahl. Wir haben auch andere Metallbeschichtungen im Angebot, die bei Teilen wie.<\/p>\n<p>[\/vc_column_text][vc_row_inner][vc_column_inner][vc_column_text css=&#8220;&#8220; el_class=&#8220;txt-blanc gros-baseline&#8220;]<\/p>\n<ul class=\"liste-rond-bleu\">\n<li>Batterieanschl\u00fcssen<\/li>\n<li>Sicherungen<\/li>\n<li>Leistungsverbinder f\u00fcr Ladeklemmen von Elektrofahrzeugen usw. den Kontakt herstellen<\/li>\n<\/ul>\n<p>[\/vc_column_text][\/vc_column_inner][\/vc_row_inner][\/vc_column][\/vc_row][vc_row][vc_column][vc_empty_space height=&#8220;100px&#8220;][\/vc_column][\/vc_row][vc_row][vc_column][vc_column_text css_animation=&#8220;fadeInUp&#8220; css=&#8220;&#8220; el_class=&#8220;h2 trait-bleu&#8220;]<\/p>\n<h2 class=\"heading heading--t2 heading--t2--left \">Entdecken Sie unsere<br \/>\nBehandlungen<\/h2>\n<p>[\/vc_column_text][\/vc_column][\/vc_row][vc_row][vc_column css_animation=&#8220;fadeInUp&#8220;][vc_raw_html css=&#8220;&#8220;]JTNDZGl2JTIwY2xhc3MlM0QlMjJlbmNhcnQtdHJhaXRlbWVudCUyMiUzRSUwRCUwQSUyMCUyMCUyMCUyMCUzQ2RpdiUyMGNsYXNzJTNEJTIyYmxvYy10aGVybWlxdWUlMjIlM0UlMEQlMEElMjAlMjAlMjAlMjAlMjAlMjAlMjAlMjAlM0NhJTIwaHJlZiUzRCUyMmh0dHBzJTNBJTJGJTJGaGFjZXIuZDJiY29uc3VsdGluZy5mciUyRmRlJTJGdW50ZXJuZWhtZW4td2Flcm1lYmVoYW5kbHVuZy1tZXRhbGxlbiUyRiUyMiUzRSUwRCUwQSUyMCUyMCUyMCUyMCUyMCUyMCUyMCUyMCUyMCUyMCUyMCUyMCUzQ2gzJTIwY2xhc3MlM0QlMjJ0aXRyZS10cmFpdGVtZW50JTIwdHh0LXJvdWdlJTIyJTNFVyVDMyVBNHJtZS0lM0NiciUzRSUwRCUwQSUyMCUyMCUyMCUyMCUyMCUyMCUyMCUyMCUyMCUyMCUyMCUyMCUyMCUyMCUyMCUyMGJlaGFuZGx1bmclM0MlMkZoMyUzRSUwRCUwQSUyMCUyMCUyMCUyMCUyMCUyMCUyMCUyMCUyMCUyMCUyMCUyMCUzQ2ltZyUyMHNyYyUzRCUyMiUyRndwLWNvbnRlbnQlMkZ1cGxvYWRzJTJGMjAyNSUyRjAzJTJGc3BoZXJlLXByaW1hcnkuYXNzZXRfLmU3ZjU3NWVlLXRvcGF6LXVwc2NhbGUtMngud2VicCUyMiUzRSUwRCUwQSUyMCUyMCUyMCUyMCUyMCUyMCUyMCUyMCUzQyUyRmElM0UlMEQlMEElMjAlMjAlMjAlMjAlM0MlMkZkaXYlM0UlMEQlMEElMjAlMjAlMjAlMjAlM0NkaXYlMjBjbGFzcyUzRCUyMmJsb2Mtc3VyZmFjZSUyMiUzRSUwRCUwQSUyMCUyMCUyMCUyMCUyMCUyMCUyMCUyMCUzQ2ElMjBocmVmJTNEJTIyaHR0cHMlM0ElMkYlMkZoYWNlci5kMmJjb25zdWx0aW5nLmZyJTJGZGUlMkZ1bnRlcm5laG1lbi1vYmVyZmxhZWNoZW5iZWhhbmRsdW5nLW1ldGFsbGVuJTJGJTIyJTNFJTBEJTBBJTIwJTIwJTIwJTIwJTIwJTIwJTIwJTIwJTIwJTIwJTIwJTIwJTNDaDMlMjBjbGFzcyUzRCUyMnRpdHJlLXRyYWl0ZW1lbnQlMjB0eHQtYmxldSUyMiUzRU9iZXJmbCVDMyVBNGNoZW4tJTNDYnIlM0UlMEQlMEElMjAlMjAlMjAlMjAlMjAlMjAlMjAlMjAlMjAlMjAlMjAlMjAlMjAlMjAlMjAlMjBiZWhhbmRsdW5nJTNDJTJGaDMlM0UlMEQlMEElMjAlMjAlMjAlMjAlMjAlMjAlMjAlMjAlMjAlMjAlMjAlMjAlM0NpbWclMjBzcmMlM0QlMjIlMkZ3cC1jb250ZW50JTJGdXBsb2FkcyUyRjIwMjUlMkYwMyUyRnNwaGVyZS1zZWNvbmRhcnkuYXNzZXRfLjVjYjk0MjQ2LXRvcGF6LXVwc2NhbGUtMngud2VicCUyMiUzRSUwRCUwQSUyMCUyMCUyMCUyMCUyMCUyMCUyMCUyMCUzQyUyRmElM0UlMEQlMEElMjAlMjAlMjAlMjAlM0MlMkZkaXYlM0UlMEQlMEElM0MlMkZkaXYlM0U=[\/vc_raw_html][\/vc_column][\/vc_row]<\/p>\n<\/div>","protected":false},"excerpt":{"rendered":"<p>[vc_row][vc_column][vc_empty_space][\/vc_column][\/vc_row][vc_row][vc_column][vc_column_text css_animation=&#8220;fadeInUp&#8220; css=&#8220;&#8220; el_class=&#8220;h2 trait-bleu&#8220;] Warum sollten Sie sich f\u00fcr HACER entscheiden [\/vc_column_text][\/vc_column][\/vc_row][vc_row full_width=&#8220;stretch_row&#8220; el_class=&#8220;overflow-visible&#8220;][vc_column css_animation=&#8220;fadeInUp&#8220; width=&#8220;1\/2&#8243;][vc_column_text css=&#8220;&#8220;] Unsere gemeinsame Welt entwickelt sich weiter. Energiewende, Digitalisierung<span class=\"excerpt-hellip\"> [\u2026]<\/span><\/p>\n","protected":false},"author":1,"featured_media":0,"parent":0,"menu_order":0,"comment_status":"closed","ping_status":"closed","template":"","meta":{"footnotes":""},"class_list":["post-1257","page","type-page","status-publish","hentry"],"yoast_head":"<!-- This site is optimized with the Yoast SEO plugin v27.4 - https:\/\/yoast.com\/product\/yoast-seo-wordpress\/ -->\n<title>W\u00e4rmebehandlung von Teilen f\u00fcr elektrische Ausr\u00fcstung, Verbindungstechnik<\/title>\n<meta name=\"description\" content=\"HACER bietet L\u00f6sungen f\u00fcr die W\u00e4rmebehandlung von elektrischen Ausr\u00fcstungsbauteilen, die Leistung, Haltbarkeit und Effizienz der Komponenten garantieren. Kontaktieren Sie uns!\" \/>\n<meta name=\"robots\" content=\"index, follow, max-snippet:-1, max-image-preview:large, max-video-preview:-1\" \/>\n<link rel=\"canonical\" href=\"https:\/\/hacer.fr\/de\/waermebehandlung-sektor-energie\/\" \/>\n<meta property=\"og:locale\" content=\"de_DE\" \/>\n<meta property=\"og:type\" content=\"article\" \/>\n<meta property=\"og:title\" content=\"W\u00e4rmebehandlung von Teilen f\u00fcr elektrische Ausr\u00fcstung, Verbindungstechnik\" \/>\n<meta property=\"og:description\" content=\"HACER bietet L\u00f6sungen f\u00fcr die W\u00e4rmebehandlung von elektrischen Ausr\u00fcstungsbauteilen, die Leistung, Haltbarkeit und Effizienz der Komponenten garantieren. Kontaktieren Sie uns!\" \/>\n<meta property=\"og:url\" content=\"https:\/\/hacer.fr\/de\/waermebehandlung-sektor-energie\/\" \/>\n<meta property=\"og:site_name\" content=\"Hacer\" \/>\n<meta property=\"article:modified_time\" content=\"2025-05-26T15:06:33+00:00\" \/>\n<meta name=\"twitter:card\" content=\"summary_large_image\" \/>\n<meta name=\"twitter:label1\" content=\"Gesch\u00e4tzte Lesezeit\" \/>\n\t<meta name=\"twitter:data1\" content=\"4\u00a0Minuten\" \/>\n<script type=\"application\/ld+json\" class=\"yoast-schema-graph\">{\"@context\":\"https:\\\/\\\/schema.org\",\"@graph\":[{\"@type\":\"WebPage\",\"@id\":\"https:\\\/\\\/hacer.fr\\\/de\\\/waermebehandlung-sektor-energie\\\/\",\"url\":\"https:\\\/\\\/hacer.fr\\\/de\\\/waermebehandlung-sektor-energie\\\/\",\"name\":\"W\u00e4rmebehandlung von Teilen f\u00fcr elektrische Ausr\u00fcstung, Verbindungstechnik\",\"isPartOf\":{\"@id\":\"https:\\\/\\\/hacer.fr\\\/de\\\/#website\"},\"datePublished\":\"2025-03-14T08:24:22+00:00\",\"dateModified\":\"2025-05-26T15:06:33+00:00\",\"description\":\"HACER bietet L\u00f6sungen f\u00fcr die W\u00e4rmebehandlung von elektrischen Ausr\u00fcstungsbauteilen, die Leistung, Haltbarkeit und Effizienz der Komponenten garantieren. Kontaktieren Sie uns!\",\"breadcrumb\":{\"@id\":\"https:\\\/\\\/hacer.fr\\\/de\\\/waermebehandlung-sektor-energie\\\/#breadcrumb\"},\"inLanguage\":\"de\",\"potentialAction\":[{\"@type\":\"ReadAction\",\"target\":[\"https:\\\/\\\/hacer.fr\\\/de\\\/waermebehandlung-sektor-energie\\\/\"]}]},{\"@type\":\"BreadcrumbList\",\"@id\":\"https:\\\/\\\/hacer.fr\\\/de\\\/waermebehandlung-sektor-energie\\\/#breadcrumb\",\"itemListElement\":[{\"@type\":\"ListItem\",\"position\":1,\"name\":\"Accueil\",\"item\":\"https:\\\/\\\/hacer.fr\\\/de\\\/\"},{\"@type\":\"ListItem\",\"position\":2,\"name\":\"Energie\"}]},{\"@type\":\"WebSite\",\"@id\":\"https:\\\/\\\/hacer.fr\\\/de\\\/#website\",\"url\":\"https:\\\/\\\/hacer.fr\\\/de\\\/\",\"name\":\"Hacer\",\"description\":\"\",\"potentialAction\":[{\"@type\":\"SearchAction\",\"target\":{\"@type\":\"EntryPoint\",\"urlTemplate\":\"https:\\\/\\\/hacer.fr\\\/de\\\/?s={search_term_string}\"},\"query-input\":{\"@type\":\"PropertyValueSpecification\",\"valueRequired\":true,\"valueName\":\"search_term_string\"}}],\"inLanguage\":\"de\"}]}<\/script>\n<!-- \/ Yoast SEO plugin. -->","yoast_head_json":{"title":"W\u00e4rmebehandlung von Teilen f\u00fcr elektrische Ausr\u00fcstung, Verbindungstechnik","description":"HACER bietet L\u00f6sungen f\u00fcr die W\u00e4rmebehandlung von elektrischen Ausr\u00fcstungsbauteilen, die Leistung, Haltbarkeit und Effizienz der Komponenten garantieren. Kontaktieren Sie uns!","robots":{"index":"index","follow":"follow","max-snippet":"max-snippet:-1","max-image-preview":"max-image-preview:large","max-video-preview":"max-video-preview:-1"},"canonical":"https:\/\/hacer.fr\/de\/waermebehandlung-sektor-energie\/","og_locale":"de_DE","og_type":"article","og_title":"W\u00e4rmebehandlung von Teilen f\u00fcr elektrische Ausr\u00fcstung, Verbindungstechnik","og_description":"HACER bietet L\u00f6sungen f\u00fcr die W\u00e4rmebehandlung von elektrischen Ausr\u00fcstungsbauteilen, die Leistung, Haltbarkeit und Effizienz der Komponenten garantieren. Kontaktieren Sie uns!","og_url":"https:\/\/hacer.fr\/de\/waermebehandlung-sektor-energie\/","og_site_name":"Hacer","article_modified_time":"2025-05-26T15:06:33+00:00","twitter_card":"summary_large_image","twitter_misc":{"Gesch\u00e4tzte Lesezeit":"4\u00a0Minuten"},"schema":{"@context":"https:\/\/schema.org","@graph":[{"@type":"WebPage","@id":"https:\/\/hacer.fr\/de\/waermebehandlung-sektor-energie\/","url":"https:\/\/hacer.fr\/de\/waermebehandlung-sektor-energie\/","name":"W\u00e4rmebehandlung von Teilen f\u00fcr elektrische Ausr\u00fcstung, Verbindungstechnik","isPartOf":{"@id":"https:\/\/hacer.fr\/de\/#website"},"datePublished":"2025-03-14T08:24:22+00:00","dateModified":"2025-05-26T15:06:33+00:00","description":"HACER bietet L\u00f6sungen f\u00fcr die W\u00e4rmebehandlung von elektrischen Ausr\u00fcstungsbauteilen, die Leistung, Haltbarkeit und Effizienz der Komponenten garantieren. Kontaktieren Sie uns!","breadcrumb":{"@id":"https:\/\/hacer.fr\/de\/waermebehandlung-sektor-energie\/#breadcrumb"},"inLanguage":"de","potentialAction":[{"@type":"ReadAction","target":["https:\/\/hacer.fr\/de\/waermebehandlung-sektor-energie\/"]}]},{"@type":"BreadcrumbList","@id":"https:\/\/hacer.fr\/de\/waermebehandlung-sektor-energie\/#breadcrumb","itemListElement":[{"@type":"ListItem","position":1,"name":"Accueil","item":"https:\/\/hacer.fr\/de\/"},{"@type":"ListItem","position":2,"name":"Energie"}]},{"@type":"WebSite","@id":"https:\/\/hacer.fr\/de\/#website","url":"https:\/\/hacer.fr\/de\/","name":"Hacer","description":"","potentialAction":[{"@type":"SearchAction","target":{"@type":"EntryPoint","urlTemplate":"https:\/\/hacer.fr\/de\/?s={search_term_string}"},"query-input":{"@type":"PropertyValueSpecification","valueRequired":true,"valueName":"search_term_string"}}],"inLanguage":"de"}]}},"jetpack_sharing_enabled":true,"_links":{"self":[{"href":"https:\/\/hacer.fr\/de\/wp-json\/wp\/v2\/pages\/1257","targetHints":{"allow":["GET"]}}],"collection":[{"href":"https:\/\/hacer.fr\/de\/wp-json\/wp\/v2\/pages"}],"about":[{"href":"https:\/\/hacer.fr\/de\/wp-json\/wp\/v2\/types\/page"}],"author":[{"embeddable":true,"href":"https:\/\/hacer.fr\/de\/wp-json\/wp\/v2\/users\/1"}],"replies":[{"embeddable":true,"href":"https:\/\/hacer.fr\/de\/wp-json\/wp\/v2\/comments?post=1257"}],"version-history":[{"count":7,"href":"https:\/\/hacer.fr\/de\/wp-json\/wp\/v2\/pages\/1257\/revisions"}],"predecessor-version":[{"id":2142,"href":"https:\/\/hacer.fr\/de\/wp-json\/wp\/v2\/pages\/1257\/revisions\/2142"}],"wp:attachment":[{"href":"https:\/\/hacer.fr\/de\/wp-json\/wp\/v2\/media?parent=1257"}],"curies":[{"name":"wp","href":"https:\/\/api.w.org\/{rel}","templated":true}]}}