{"id":1290,"date":"2025-03-19T13:55:22","date_gmt":"2025-03-19T12:55:22","guid":{"rendered":"https:\/\/hacer.fr\/?page_id=1290"},"modified":"2025-05-26T17:50:30","modified_gmt":"2025-05-26T15:50:30","slug":"waermebehandlung-unternehmen","status":"publish","type":"page","link":"https:\/\/hacer.fr\/de\/waermebehandlung-unternehmen\/","title":{"rendered":"\u00dcber uns"},"content":{"rendered":"<div class=\"wpb-content-wrapper\"><p>[vc_row][vc_column][vc_empty_space][\/vc_column][\/vc_row][vc_row][vc_column][vc_column_text css_animation=&#8220;fadeInUp&#8220; css=&#8220;&#8220; el_class=&#8220;h2 trait-bleu&#8220;]<\/p>\n<h2>Unsere<br \/>\nWerte<\/h2>\n<p>[\/vc_column_text][\/vc_column][\/vc_row][vc_row full_width=&#8220;stretch_row&#8220; el_class=&#8220;overflow-visible&#8220;][vc_column css_animation=&#8220;fadeInUp&#8220;][vc_column_text css=&#8220;&#8220; el_class=&#8220;h4 fort&#8220;]<\/p>\n<h3>Seit \u00fcber 65 Jahren bestimmen 6 Werte unsere allt\u00e4gliche Arbeit.<\/h3>\n<p>[\/vc_column_text][\/vc_column][\/vc_row][vc_row full_width=&#8220;stretch_row_content&#8220; gap=&#8220;20&#8243; equal_height=&#8220;yes&#8220; css_animation=&#8220;fadeInUp&#8220; el_class=&#8220;range-trois-block-a-propos range-block-traitements&#8220;][vc_column width=&#8220;1\/6&#8243; el_class=&#8220;block-rouge block-traitement&#8220;][vc_single_image image=&#8220;2274&#8243; img_size=&#8220;full&#8220; alignment=&#8220;center&#8220; css=&#8220;&#8220; el_class=&#8220;img-bleu filtre-bleu&#8220;][vc_column_text css=&#8220;&#8220; el_class=&#8220;txt-blanc gros-baseline&#8220;]<\/p>\n<p style=\"text-align: center;\">Stabilit\u00e4t<\/p>\n<p>[\/vc_column_text][vc_column_text css=&#8220;&#8220;]Seit 1957 begleiten wir Sie bei Ihren Projekten, und die industriellen Aktion\u00e4re, die pr\u00e4sent und engagiert sind, sichern die Kontinuit\u00e4t der Investitionen und die Stabilit\u00e4t der Unternehmensgruppe.[\/vc_column_text][\/vc_column][vc_column width=&#8220;1\/6&#8243; el_class=&#8220;block-rouge block-traitement&#8220;][vc_single_image image=&#8220;2277&#8243; img_size=&#8220;full&#8220; alignment=&#8220;center&#8220; css=&#8220;&#8220; el_class=&#8220;img-bleu filtre-bleu&#8220;][vc_column_text css=&#8220;&#8220; el_class=&#8220;txt-blanc gros-baseline&#8220;]<\/p>\n<p style=\"text-align: center;\">Zuverl\u00e4ssigkeit<\/p>\n<p>[\/vc_column_text][vc_column_text css=&#8220;&#8220;]P\u00fcnktlich in der erwarteten Qualit\u00e4t liefern.[\/vc_column_text][\/vc_column][vc_column width=&#8220;1\/6&#8243; el_class=&#8220;block-rouge block-traitement&#8220;][vc_single_image image=&#8220;2280&#8243; img_size=&#8220;full&#8220; alignment=&#8220;center&#8220; css=&#8220;&#8220; el_class=&#8220;img-bleu filtre-bleu&#8220;][vc_column_text css=&#8220;&#8220; el_class=&#8220;txt-blanc gros-baseline&#8220;]<\/p>\n<p style=\"text-align: center;\">Leistung<\/p>\n<p>[\/vc_column_text][vc_column_text css=&#8220;&#8220;]Mehrwert f\u00fcr Ihre Teile &#8211; zu optimalen Kosten.[\/vc_column_text][\/vc_column][vc_column width=&#8220;1\/6&#8243; el_class=&#8220;block-rouge block-traitement&#8220;][vc_single_image image=&#8220;2283&#8243; img_size=&#8220;full&#8220; alignment=&#8220;center&#8220; css=&#8220;&#8220; el_class=&#8220;img-bleu filtre-bleu&#8220;][vc_column_text css=&#8220;&#8220; el_class=&#8220;txt-blanc gros-baseline&#8220;]<\/p>\n<p style=\"text-align: center;\">Reaktionsverm\u00f6gen<\/p>\n<p>[\/vc_column_text][vc_column_text css=&#8220;&#8220;]Erf\u00fcllen Ihrer Anforderungen\/Erwartungen und Beantwortung Ihrer Fragen mit Dynamik &amp; Pr\u00e4zision.[\/vc_column_text][\/vc_column][vc_column width=&#8220;1\/6&#8243; el_class=&#8220;block-rouge block-traitement&#8220;][vc_single_image image=&#8220;2286&#8243; img_size=&#8220;full&#8220; alignment=&#8220;center&#8220; css=&#8220;&#8220; el_class=&#8220;img-bleu filtre-bleu&#8220;][vc_column_text css=&#8220;&#8220; el_class=&#8220;txt-blanc gros-baseline&#8220;]<\/p>\n<p style=\"text-align: center;\">Kundenn\u00e4he<\/p>\n<p>[\/vc_column_text][vc_column_text css=&#8220;&#8220;]Ein Akteur in Ihrer N\u00e4he. Ein Partner f\u00fcr Ihre Projekte.[\/vc_column_text][\/vc_column][vc_column width=&#8220;1\/6&#8243; el_class=&#8220;block-rouge block-traitement&#8220;][vc_single_image image=&#8220;82&#8243; img_size=&#8220;full&#8220; alignment=&#8220;center&#8220; css=&#8220;&#8220; el_class=&#8220;img-bleu filtre-bleu&#8220;][vc_column_text css=&#8220;&#8220; el_class=&#8220;txt-blanc gros-baseline&#8220;]<\/p>\n<p style=\"text-align: center;\">Gleichberechtigung<\/p>\n<p>[\/vc_column_text][vc_column_text css=&#8220;&#8220;]Gleichstellungsindex Frauen \/ M\u00e4nner:<\/p>\n<ul class=\"liste-rond-rouge ul-flex\">\n<li>HTS 2024 : NC\/100<\/li>\n<li>HTT 2024 : NC\/100<\/li>\n<\/ul>\n<p>NC: Nicht kalkulierbar*<br \/>\n*Der Index kann nicht berechnet werden, da die maximale Punktzahl der berechenbaren Indikatoren unter 75 liegt.[\/vc_column_text][vc_single_image image=&#8220;848&#8243; img_size=&#8220;full&#8220; alignment=&#8220;center&#8220; onclick=&#8220;link_image&#8220; css=&#8220;&#8220; el_class=&#8220;img-clic&#8220;][\/vc_column][\/vc_row][vc_row][vc_column][vc_empty_space height=&#8220;100px&#8220;][\/vc_column][\/vc_row][vc_row][vc_column width=&#8220;1\/2&#8243;][vc_column_text css_animation=&#8220;fadeInUp&#8220; css=&#8220;&#8220; el_class=&#8220;h2 trait-bleu&#8220;]<\/p>\n<h2 class=\"heading heading--t2 heading--t2--left \">Unsere<br \/>\nGeschichte<\/h2>\n<p>[\/vc_column_text][\/vc_column][vc_column width=&#8220;1\/2&#8243; el_class=&#8220;point-rouge-bleu&#8220;][vc_row_inner content_placement=&#8220;middle&#8220;][vc_column_inner width=&#8220;2\/3&#8243;][vc_column_text css=&#8220;&#8220; el_class=&#8220;txt-rouge&#8220;]<\/p>\n<p style=\"text-align: right;\">Unternehmen<\/p>\n<p>[\/vc_column_text][\/vc_column_inner][vc_column_inner width=&#8220;1\/3&#8243;][vc_single_image image=&#8220;283&#8243; img_size=&#8220;full&#8220; alignment=&#8220;center&#8220; css=&#8220;&#8220;][\/vc_column_inner][\/vc_row_inner][vc_row_inner content_placement=&#8220;middle&#8220;][vc_column_inner width=&#8220;2\/3&#8243;][vc_column_text css=&#8220;&#8220; el_class=&#8220;txt-bleu&#8220;]<\/p>\n<p style=\"text-align: right;\">Technologische<br \/>\nEntwicklung<\/p>\n<p>[\/vc_column_text][\/vc_column_inner][vc_column_inner width=&#8220;1\/3&#8243;][vc_single_image image=&#8220;286&#8243; img_size=&#8220;full&#8220; alignment=&#8220;center&#8220; css=&#8220;&#8220;][\/vc_column_inner][\/vc_row_inner][\/vc_column][\/vc_row][vc_row][vc_column el_class=&#8220;img-histoire&#8220;][vc_single_image image=&#8220;429&#8243; img_size=&#8220;full&#8220; alignment=&#8220;center&#8220; css=&#8220;&#8220; el_class=&#8220;img-frize&#8220;][vc_row_inner el_class=&#8220;fleches&#8220;][vc_column_inner width=&#8220;1\/2&#8243;][vc_single_image image=&#8220;857&#8243; img_size=&#8220;full&#8220; alignment=&#8220;center&#8220; css=&#8220;&#8220; el_class=&#8220;fleche-gauche&#8220;][\/vc_column_inner][vc_column_inner width=&#8220;1\/2&#8243;][vc_single_image image=&#8220;857&#8243; img_size=&#8220;full&#8220; alignment=&#8220;center&#8220; css=&#8220;&#8220; el_class=&#8220;fleche-droite&#8220;][\/vc_column_inner][\/vc_row_inner][\/vc_column][\/vc_row][vc_row][vc_column][vc_empty_space][\/vc_column][\/vc_row][vc_row][vc_column][vc_column_text css=&#8220;&#8220; el_class=&#8220;h2 trait-bleu trait-bleu-inverse&#8220;]<\/p>\n<h2 class=\"heading heading--t2 heading--t2--right \" style=\"text-align: right;\">Leistungen<\/h2>\n<p>[\/vc_column_text][\/vc_column][\/vc_row][vc_row full_width=&#8220;stretch_row&#8220; el_class=&#8220;overflow-visible inverse&#8220;][vc_column css_animation=&#8220;fadeInLeft&#8220; width=&#8220;1\/2&#8243; el_class=&#8220;habillage-deg-bleu habillage-deg-gauche&#8220;][vc_single_image image=&#8220;2289&#8243; img_size=&#8220;full&#8220; alignment=&#8220;center&#8220; css=&#8220;&#8220; el_class=&#8220;filtre-rouge&#8220;][\/vc_column][vc_column css_animation=&#8220;fadeInUp&#8220; width=&#8220;1\/2&#8243;][vc_column_text css=&#8220;&#8220;]<\/p>\n<p style=\"text-align: justify;\">Dass wir ein anerkanntes Unternehmen f\u00fcr W\u00e4rme- und Oberfl\u00e4chenbehandlung sind hei\u00dft nicht, dass wir uns darauf beschr\u00e4nken. Seit 65 Jahren bieten wir einen umfassenden Service sowohl in Bezug auf die Vorarbeiten (Mitarbeit bei der Entwicklung, bei der Wahl der zu behandelnden Metallsorten, der durchzuf\u00fchrenden Behandlungen) als auch in Zusammenhang mit den nachgelagerten Schritten in der Wertsch\u00f6pfungskette (Kontrolle, Verpackung, Lagerung, Transport). Ein umfassendes Service-Angebot, das sich je nach Ihren Fachkenntnissen oder Anforderungen anpassen l\u00e4sst.<\/p>\n<p>[\/vc_column_text][vc_row_inner][vc_column_inner width=&#8220;1\/4&#8243;][vc_single_image image=&#8220;121&#8243; img_size=&#8220;full&#8220; alignment=&#8220;center&#8220; css=&#8220;&#8220; title=&#8220;Know-how&#8220; el_class=&#8220;petite-icone&#8220;][\/vc_column_inner][vc_column_inner width=&#8220;1\/4&#8243;][vc_single_image image=&#8220;292&#8243; img_size=&#8220;full&#8220; alignment=&#8220;center&#8220; css=&#8220;&#8220; title=&#8220;Tests&#8220; el_class=&#8220;petite-icone&#8220;][\/vc_column_inner][vc_column_inner width=&#8220;1\/4&#8243;][vc_single_image image=&#8220;782&#8243; img_size=&#8220;full&#8220; alignment=&#8220;center&#8220; css=&#8220;&#8220; title=&#8220;Logistik&#8220; el_class=&#8220;petite-icone&#8220;][\/vc_column_inner][vc_column_inner width=&#8220;1\/4&#8243;][vc_single_image image=&#8220;785&#8243; img_size=&#8220;full&#8220; alignment=&#8220;center&#8220; css=&#8220;&#8220; title=&#8220;Express Pannendienst&#8220; el_class=&#8220;petite-icone&#8220;][\/vc_column_inner][\/vc_row_inner][vc_btn title=&#8220;Leistungen anzeigen&#8220; style=&#8220;custom&#8220; custom_background=&#8220;#C12744&#8243; custom_text=&#8220;#FFFFFF&#8220; align=&#8220;right&#8220; css=&#8220;&#8220; el_class=&#8220;btn-plus btn-deg-rouge&#8220; link=&#8220;url:https%3A%2F%2Fhacer.fr%2Fde%2Fleistungen%2F|title:Leistungen&#8220;][\/vc_column][\/vc_row][vc_row][vc_column][vc_empty_space][\/vc_column][\/vc_row][vc_row][vc_column][vc_empty_space][\/vc_column][\/vc_row][vc_row el_class=&#8220;carre-rouge&#8220;][vc_column width=&#8220;1\/3&#8243;][vc_column_text css_animation=&#8220;fadeInUp&#8220; css=&#8220;&#8220; el_class=&#8220;h2 trait-bleu&#8220;]<\/p>\n<h2 class=\"heading heading--t2 heading--t2--left \">Unsere<br \/>\nPartner<\/h2>\n<p>[\/vc_column_text][vc_column_text css=&#8220;&#8220;]<\/p>\n<p style=\"text-align: justify;\">Sie profitieren von optimaler Beratung, Expertise und Analyse. Mit einem Netzwerk aus mehreren Zusammenschl\u00fcssen, Organisationen, technischen Zentren, denen HACER angeh\u00f6rt, und mit der Unterst\u00fctzung unserer Formulierer entwickeln wir f\u00fcr Sie die am besten geeigneten L\u00f6sungen.<\/p>\n<p>[\/vc_column_text][\/vc_column][vc_column width=&#8220;2\/3&#8243; el_class=&#8220;habillage-deg-rouge habillage-deg-droite habillage-deux-tiers habillage-fin&#8220;][vc_empty_space height=&#8220;200px&#8220;][\/vc_column][\/vc_row][vc_row][vc_column][vc_empty_space][\/vc_column][\/vc_row][vc_row gap=&#8220;10&#8243;][vc_column width=&#8220;1\/4&#8243; el_class=&#8220;encadre-deg&#8220;][vc_single_image image=&#8220;394&#8243; img_size=&#8220;full&#8220; alignment=&#8220;center&#8220; onclick=&#8220;custom_link&#8220; img_link_target=&#8220;_blank&#8220; css=&#8220;&#8220; link=&#8220;https:\/\/www.uits-france.org\/&#8220;][\/vc_column][vc_column width=&#8220;1\/4&#8243; el_class=&#8220;encadre-deg&#8220;][vc_single_image image=&#8220;58&#8243; img_size=&#8220;full&#8220; alignment=&#8220;center&#8220; onclick=&#8220;custom_link&#8220; img_link_target=&#8220;_blank&#8220; css=&#8220;&#8220; link=&#8220;https:\/\/www.a3ts.org\/&#8220;][\/vc_column][vc_column width=&#8220;1\/4&#8243; el_class=&#8220;encadre-deg&#8220;][vc_single_image image=&#8220;97&#8243; img_size=&#8220;full&#8220; alignment=&#8220;center&#8220; onclick=&#8220;custom_link&#8220; img_link_target=&#8220;_blank&#8220; css=&#8220;&#8220; link=&#8220;https:\/\/www.cetim.fr\/&#8220;][\/vc_column][vc_column width=&#8220;1\/4&#8243; el_class=&#8220;encadre-deg&#8220;][vc_single_image image=&#8220;988&#8243; img_size=&#8220;full&#8220; alignment=&#8220;center&#8220; onclick=&#8220;custom_link&#8220; img_link_target=&#8220;_blank&#8220; css=&#8220;&#8220; link=&#8220;https:\/\/www.aerospace-cluster.fr\/&#8220;][\/vc_column][\/vc_row][vc_row gap=&#8220;10&#8243;][vc_column width=&#8220;1\/6&#8243; el_class=&#8220;encadre-deg&#8220;][vc_single_image image=&#8220;109&#8243; img_size=&#8220;full&#8220; alignment=&#8220;center&#8220; onclick=&#8220;custom_link&#8220; img_link_target=&#8220;_blank&#8220; css=&#8220;&#8220; link=&#8220;https:\/\/www.doerken.com\/global\/en\/home#&#8220;][\/vc_column][vc_column width=&#8220;1\/6&#8243; el_class=&#8220;encadre-deg&#8220;][vc_single_image image=&#8220;250&#8243; img_size=&#8220;full&#8220; alignment=&#8220;center&#8220; onclick=&#8220;custom_link&#8220; img_link_target=&#8220;_blank&#8220; css=&#8220;&#8220; link=&#8220;http:\/\/www.plasticpipings.fr\/&#8220;][\/vc_column][vc_column width=&#8220;1\/6&#8243; el_class=&#8220;encadre-deg&#8220;][vc_single_image image=&#8220;106&#8243; img_size=&#8220;full&#8220; alignment=&#8220;center&#8220; onclick=&#8220;custom_link&#8220; img_link_target=&#8220;_blank&#8220; css=&#8220;&#8220; link=&#8220;https:\/\/www.coventya.com\/fr\/&#8220;][\/vc_column][vc_column width=&#8220;1\/6&#8243; el_class=&#8220;encadre-deg&#8220;][vc_single_image image=&#8220;175&#8243; img_size=&#8220;full&#8220; alignment=&#8220;center&#8220; onclick=&#8220;custom_link&#8220; img_link_target=&#8220;_blank&#8220; css=&#8220;&#8220; link=&#8220;https:\/\/www.kiesow.fr\/&#8220;][\/vc_column][vc_column width=&#8220;1\/6&#8243; el_class=&#8220;encadre-deg&#8220;][vc_single_image image=&#8220;178&#8243; img_size=&#8220;full&#8220; alignment=&#8220;center&#8220; onclick=&#8220;custom_link&#8220; css=&#8220;&#8220; link=&#8220;http:\/\/www.macdermid.com\/&#8220;][\/vc_column][vc_column width=&#8220;1\/6&#8243; el_class=&#8220;encadre-deg&#8220;][vc_single_image image=&#8220;94&#8243; img_size=&#8220;full&#8220; alignment=&#8220;center&#8220; onclick=&#8220;custom_link&#8220; img_link_target=&#8220;_blank&#8220; css=&#8220;&#8220; link=&#8220;https:\/\/www.atotech.com\/france\/&#8220;][\/vc_column][\/vc_row][vc_row][vc_column][vc_empty_space][\/vc_column][\/vc_row]<\/p>\n<\/div>","protected":false},"excerpt":{"rendered":"<p>[vc_row][vc_column][vc_empty_space][\/vc_column][\/vc_row][vc_row][vc_column][vc_column_text css_animation=&#8220;fadeInUp&#8220; css=&#8220;&#8220; el_class=&#8220;h2 trait-bleu&#8220;] Unsere Werte [\/vc_column_text][\/vc_column][\/vc_row][vc_row full_width=&#8220;stretch_row&#8220; el_class=&#8220;overflow-visible&#8220;][vc_column css_animation=&#8220;fadeInUp&#8220;][vc_column_text css=&#8220;&#8220; el_class=&#8220;h4 fort&#8220;] Seit \u00fcber 65 Jahren bestimmen 6 Werte unsere allt\u00e4gliche Arbeit. [\/vc_column_text][\/vc_column][\/vc_row][vc_row full_width=&#8220;stretch_row_content&#8220;<span class=\"excerpt-hellip\"> [\u2026]<\/span><\/p>\n","protected":false},"author":1,"featured_media":0,"parent":0,"menu_order":0,"comment_status":"closed","ping_status":"closed","template":"","meta":{"footnotes":""},"class_list":["post-1290","page","type-page","status-publish","hentry"],"yoast_head":"<!-- This site is optimized with the Yoast SEO plugin v27.4 - https:\/\/yoast.com\/product\/yoast-seo-wordpress\/ -->\n<title>Lohnfertiger f\u00fcr W\u00e4rmebehandlung von Metallen, W\u00e4rmebehandlung von Metallteilen<\/title>\n<meta name=\"description\" content=\"HACER, spezialisierter Lohnfertiger f\u00fcr W\u00e4rmebehandlung seit \u00fcber 65 Jahren, begleitet Sie mit Zuverl\u00e4ssigkeit, Leistung und Reaktionsf\u00e4higkeit in jeder Phase Ihrer Industrieprojekte, von der Planung bis zur Lieferung. Kontaktieren Sie uns!\" \/>\n<meta name=\"robots\" content=\"index, follow, max-snippet:-1, max-image-preview:large, max-video-preview:-1\" \/>\n<link rel=\"canonical\" href=\"https:\/\/hacer.fr\/de\/waermebehandlung-unternehmen\/\" \/>\n<meta property=\"og:locale\" content=\"de_DE\" \/>\n<meta property=\"og:type\" content=\"article\" \/>\n<meta property=\"og:title\" content=\"Lohnfertiger f\u00fcr W\u00e4rmebehandlung von Metallen, W\u00e4rmebehandlung von Metallteilen\" \/>\n<meta property=\"og:description\" content=\"HACER, spezialisierter Lohnfertiger f\u00fcr W\u00e4rmebehandlung seit \u00fcber 65 Jahren, begleitet Sie mit Zuverl\u00e4ssigkeit, Leistung und Reaktionsf\u00e4higkeit in jeder Phase Ihrer Industrieprojekte, von der Planung bis zur Lieferung. Kontaktieren Sie uns!\" \/>\n<meta property=\"og:url\" content=\"https:\/\/hacer.fr\/de\/waermebehandlung-unternehmen\/\" \/>\n<meta property=\"og:site_name\" content=\"Hacer\" \/>\n<meta property=\"article:modified_time\" content=\"2025-05-26T15:50:30+00:00\" \/>\n<meta name=\"twitter:card\" content=\"summary_large_image\" \/>\n<meta name=\"twitter:label1\" content=\"Gesch\u00e4tzte Lesezeit\" \/>\n\t<meta name=\"twitter:data1\" content=\"9\u00a0Minuten\" \/>\n<script type=\"application\/ld+json\" class=\"yoast-schema-graph\">{\"@context\":\"https:\\\/\\\/schema.org\",\"@graph\":[{\"@type\":\"WebPage\",\"@id\":\"https:\\\/\\\/hacer.fr\\\/de\\\/waermebehandlung-unternehmen\\\/\",\"url\":\"https:\\\/\\\/hacer.fr\\\/de\\\/waermebehandlung-unternehmen\\\/\",\"name\":\"Lohnfertiger f\u00fcr W\u00e4rmebehandlung von Metallen, W\u00e4rmebehandlung von Metallteilen\",\"isPartOf\":{\"@id\":\"https:\\\/\\\/hacer.fr\\\/de\\\/#website\"},\"datePublished\":\"2025-03-19T12:55:22+00:00\",\"dateModified\":\"2025-05-26T15:50:30+00:00\",\"description\":\"HACER, spezialisierter Lohnfertiger f\u00fcr W\u00e4rmebehandlung seit \u00fcber 65 Jahren, begleitet Sie mit Zuverl\u00e4ssigkeit, Leistung und Reaktionsf\u00e4higkeit in jeder Phase Ihrer Industrieprojekte, von der Planung bis zur Lieferung. Kontaktieren Sie uns!\",\"breadcrumb\":{\"@id\":\"https:\\\/\\\/hacer.fr\\\/de\\\/waermebehandlung-unternehmen\\\/#breadcrumb\"},\"inLanguage\":\"de\",\"potentialAction\":[{\"@type\":\"ReadAction\",\"target\":[\"https:\\\/\\\/hacer.fr\\\/de\\\/waermebehandlung-unternehmen\\\/\"]}]},{\"@type\":\"BreadcrumbList\",\"@id\":\"https:\\\/\\\/hacer.fr\\\/de\\\/waermebehandlung-unternehmen\\\/#breadcrumb\",\"itemListElement\":[{\"@type\":\"ListItem\",\"position\":1,\"name\":\"Accueil\",\"item\":\"https:\\\/\\\/hacer.fr\\\/de\\\/\"},{\"@type\":\"ListItem\",\"position\":2,\"name\":\"\u00dcber uns\"}]},{\"@type\":\"WebSite\",\"@id\":\"https:\\\/\\\/hacer.fr\\\/de\\\/#website\",\"url\":\"https:\\\/\\\/hacer.fr\\\/de\\\/\",\"name\":\"Hacer\",\"description\":\"\",\"potentialAction\":[{\"@type\":\"SearchAction\",\"target\":{\"@type\":\"EntryPoint\",\"urlTemplate\":\"https:\\\/\\\/hacer.fr\\\/de\\\/?s={search_term_string}\"},\"query-input\":{\"@type\":\"PropertyValueSpecification\",\"valueRequired\":true,\"valueName\":\"search_term_string\"}}],\"inLanguage\":\"de\"}]}<\/script>\n<!-- \/ Yoast SEO plugin. -->","yoast_head_json":{"title":"Lohnfertiger f\u00fcr W\u00e4rmebehandlung von Metallen, W\u00e4rmebehandlung von Metallteilen","description":"HACER, spezialisierter Lohnfertiger f\u00fcr W\u00e4rmebehandlung seit \u00fcber 65 Jahren, begleitet Sie mit Zuverl\u00e4ssigkeit, Leistung und Reaktionsf\u00e4higkeit in jeder Phase Ihrer Industrieprojekte, von der Planung bis zur Lieferung. Kontaktieren Sie uns!","robots":{"index":"index","follow":"follow","max-snippet":"max-snippet:-1","max-image-preview":"max-image-preview:large","max-video-preview":"max-video-preview:-1"},"canonical":"https:\/\/hacer.fr\/de\/waermebehandlung-unternehmen\/","og_locale":"de_DE","og_type":"article","og_title":"Lohnfertiger f\u00fcr W\u00e4rmebehandlung von Metallen, W\u00e4rmebehandlung von Metallteilen","og_description":"HACER, spezialisierter Lohnfertiger f\u00fcr W\u00e4rmebehandlung seit \u00fcber 65 Jahren, begleitet Sie mit Zuverl\u00e4ssigkeit, Leistung und Reaktionsf\u00e4higkeit in jeder Phase Ihrer Industrieprojekte, von der Planung bis zur Lieferung. Kontaktieren Sie uns!","og_url":"https:\/\/hacer.fr\/de\/waermebehandlung-unternehmen\/","og_site_name":"Hacer","article_modified_time":"2025-05-26T15:50:30+00:00","twitter_card":"summary_large_image","twitter_misc":{"Gesch\u00e4tzte Lesezeit":"9\u00a0Minuten"},"schema":{"@context":"https:\/\/schema.org","@graph":[{"@type":"WebPage","@id":"https:\/\/hacer.fr\/de\/waermebehandlung-unternehmen\/","url":"https:\/\/hacer.fr\/de\/waermebehandlung-unternehmen\/","name":"Lohnfertiger f\u00fcr W\u00e4rmebehandlung von Metallen, W\u00e4rmebehandlung von Metallteilen","isPartOf":{"@id":"https:\/\/hacer.fr\/de\/#website"},"datePublished":"2025-03-19T12:55:22+00:00","dateModified":"2025-05-26T15:50:30+00:00","description":"HACER, spezialisierter Lohnfertiger f\u00fcr W\u00e4rmebehandlung seit \u00fcber 65 Jahren, begleitet Sie mit Zuverl\u00e4ssigkeit, Leistung und Reaktionsf\u00e4higkeit in jeder Phase Ihrer Industrieprojekte, von der Planung bis zur Lieferung. Kontaktieren Sie uns!","breadcrumb":{"@id":"https:\/\/hacer.fr\/de\/waermebehandlung-unternehmen\/#breadcrumb"},"inLanguage":"de","potentialAction":[{"@type":"ReadAction","target":["https:\/\/hacer.fr\/de\/waermebehandlung-unternehmen\/"]}]},{"@type":"BreadcrumbList","@id":"https:\/\/hacer.fr\/de\/waermebehandlung-unternehmen\/#breadcrumb","itemListElement":[{"@type":"ListItem","position":1,"name":"Accueil","item":"https:\/\/hacer.fr\/de\/"},{"@type":"ListItem","position":2,"name":"\u00dcber uns"}]},{"@type":"WebSite","@id":"https:\/\/hacer.fr\/de\/#website","url":"https:\/\/hacer.fr\/de\/","name":"Hacer","description":"","potentialAction":[{"@type":"SearchAction","target":{"@type":"EntryPoint","urlTemplate":"https:\/\/hacer.fr\/de\/?s={search_term_string}"},"query-input":{"@type":"PropertyValueSpecification","valueRequired":true,"valueName":"search_term_string"}}],"inLanguage":"de"}]}},"jetpack_sharing_enabled":true,"_links":{"self":[{"href":"https:\/\/hacer.fr\/de\/wp-json\/wp\/v2\/pages\/1290","targetHints":{"allow":["GET"]}}],"collection":[{"href":"https:\/\/hacer.fr\/de\/wp-json\/wp\/v2\/pages"}],"about":[{"href":"https:\/\/hacer.fr\/de\/wp-json\/wp\/v2\/types\/page"}],"author":[{"embeddable":true,"href":"https:\/\/hacer.fr\/de\/wp-json\/wp\/v2\/users\/1"}],"replies":[{"embeddable":true,"href":"https:\/\/hacer.fr\/de\/wp-json\/wp\/v2\/comments?post=1290"}],"version-history":[{"count":5,"href":"https:\/\/hacer.fr\/de\/wp-json\/wp\/v2\/pages\/1290\/revisions"}],"predecessor-version":[{"id":2292,"href":"https:\/\/hacer.fr\/de\/wp-json\/wp\/v2\/pages\/1290\/revisions\/2292"}],"wp:attachment":[{"href":"https:\/\/hacer.fr\/de\/wp-json\/wp\/v2\/media?parent=1290"}],"curies":[{"name":"wp","href":"https:\/\/api.w.org\/{rel}","templated":true}]}}